{"id":39275,"date":"2023-01-17T12:27:15","date_gmt":"2023-01-17T11:27:15","guid":{"rendered":"https:\/\/www.opcinalegrad.hr\/turisticke-informacije\/"},"modified":"2023-02-23T07:56:22","modified_gmt":"2023-02-23T06:56:22","slug":"turisticke-informacije","status":"publish","type":"page","link":"https:\/\/www.opcinalegrad.hr\/en\/turisticke-informacije\/","title":{"rendered":"Turisti\u010dke informacije"},"content":{"rendered":"<p>In 2017 the Tourist board for the region of \u201eCentral Podravina\u201c was founded. It consists of the Municipalities of Legrad, Gola, Molve, Novigrad Podravski, Virje i Hlebine.<\/p>\n<p>By clicking the link\u00a0<a href=\"http:\/\/www.tzp-sredisnja-podravina.hr\/\">www.tzp-sredisnja-podravina.hr\/<\/a>\u00a0you can visit the official website of the tourist board and discover various destiantions, atctivities, cultural and natural sights of our region. The website offers many useful information in case you decide to visit our beautiful region (from gastronomic and accomodation offers to everyday useful information and events.<\/p>\n<p>If you are not sure what to do and try out in our community, look up the list of 50 activities you should try in Central Podravina on the website (link:\u00a0<a href=\"https:\/\/tzp-sredisnja-podravina.hr\/50-aktivnosti-koje-trebate-napraviti-s-malisanima-u-sredisnjoj-podravini\/\">https:\/\/tzp-sredisnja-podravina.hr\/50-aktivnosti-koje-trebate-napraviti-s-malisanima-u-sredisnjoj-podravini\/<\/a>)<\/p>\n<p>Contact Tourist board for the region of \u201eCentral Podravina\u201c:<\/p>\n<p>tel. +385(0)48 621 283<\/p>\n<p>mob. +385(0)99 6097 337<\/p>\n<p>mail.\u00a0<a href=\"mailto:info@tzp-sredisnja-podravina.hr\">info@tzp-sredisnja-podravina.hr<\/a><\/p>\n","protected":false},"excerpt":{"rendered":"<p>In 2017 the Tourist board for the region of \u201eCentral Podravina\u201c &#8230; <\/p>\n","protected":false},"author":101016,"featured_media":0,"parent":0,"menu_order":0,"comment_status":"closed","ping_status":"closed","template":"","meta":{"footnotes":""},"acf":[],"yoast_head":"<!-- This site is optimized with the Yoast SEO plugin v21.6 - https:\/\/yoast.com\/wordpress\/plugins\/seo\/ -->\n<title>Turisti\u010dke informacije - Op\u0107ina Legrad<\/title>\n<meta name=\"robots\" content=\"index, follow, max-snippet:-1, max-image-preview:large, max-video-preview:-1\" \/>\n<link rel=\"canonical\" href=\"https:\/\/www.opcinalegrad.hr\/en\/turisticke-informacije\/\" \/>\n<meta property=\"og:locale\" content=\"en_US\" \/>\n<meta property=\"og:type\" content=\"article\" \/>\n<meta property=\"og:title\" content=\"Turisti\u010dke informacije - Op\u0107ina Legrad\" \/>\n<meta property=\"og:description\" content=\"In 2017 the Tourist board for the region of \u201eCentral Podravina\u201c ...\" \/>\n<meta property=\"og:url\" content=\"https:\/\/www.opcinalegrad.hr\/en\/turisticke-informacije\/\" \/>\n<meta property=\"og:site_name\" content=\"Op\u0107ina Legrad\" \/>\n<meta property=\"article:publisher\" content=\"https:\/\/hr-hr.facebook.com\/opcina.legrad\" \/>\n<meta property=\"article:modified_time\" content=\"2023-02-23T06:56:22+00:00\" \/>\n<meta name=\"twitter:card\" content=\"summary_large_image\" \/>\n<meta name=\"twitter:label1\" content=\"Est. reading time\" \/>\n\t<meta name=\"twitter:data1\" content=\"1 minute\" \/>\n<script type=\"application\/ld+json\" class=\"yoast-schema-graph\">{\"@context\":\"https:\/\/schema.org\",\"@graph\":[{\"@type\":\"WebPage\",\"@id\":\"https:\/\/www.opcinalegrad.hr\/en\/turisticke-informacije\/\",\"url\":\"https:\/\/www.opcinalegrad.hr\/en\/turisticke-informacije\/\",\"name\":\"Turisti\u010dke informacije - Op\u0107ina Legrad\",\"isPartOf\":{\"@id\":\"https:\/\/www.opcinalegrad.hr\/#website\"},\"datePublished\":\"2023-01-17T11:27:15+00:00\",\"dateModified\":\"2023-02-23T06:56:22+00:00\",\"breadcrumb\":{\"@id\":\"https:\/\/www.opcinalegrad.hr\/en\/turisticke-informacije\/#breadcrumb\"},\"inLanguage\":\"en-US\",\"potentialAction\":[{\"@type\":\"ReadAction\",\"target\":[\"https:\/\/www.opcinalegrad.hr\/en\/turisticke-informacije\/\"]}]},{\"@type\":\"BreadcrumbList\",\"@id\":\"https:\/\/www.opcinalegrad.hr\/en\/turisticke-informacije\/#breadcrumb\",\"itemListElement\":[{\"@type\":\"ListItem\",\"position\":1,\"name\":\"Po\u010detna stranica\",\"item\":\"https:\/\/www.opcinalegrad.hr\/\"},{\"@type\":\"ListItem\",\"position\":2,\"name\":\"Turisti\u010dke informacije\"}]},{\"@type\":\"WebSite\",\"@id\":\"https:\/\/www.opcinalegrad.hr\/#website\",\"url\":\"https:\/\/www.opcinalegrad.hr\/\",\"name\":\"Op\u0107ina Legrad\",\"description\":\"Slu\u017ebena web stranica Op\u0107ine Legrad\",\"publisher\":{\"@id\":\"https:\/\/www.opcinalegrad.hr\/#organization\"},\"potentialAction\":[{\"@type\":\"SearchAction\",\"target\":{\"@type\":\"EntryPoint\",\"urlTemplate\":\"https:\/\/www.opcinalegrad.hr\/?s={search_term_string}\"},\"query-input\":\"required name=search_term_string\"}],\"inLanguage\":\"en-US\"},{\"@type\":\"Organization\",\"@id\":\"https:\/\/www.opcinalegrad.hr\/#organization\",\"name\":\"Op\u0107ina Legrad\",\"alternateName\":\"Op\u0107ina Legrad\",\"url\":\"https:\/\/www.opcinalegrad.hr\/\",\"logo\":{\"@type\":\"ImageObject\",\"inLanguage\":\"en-US\",\"@id\":\"https:\/\/www.opcinalegrad.hr\/#\/schema\/logo\/image\/\",\"url\":\"https:\/\/www.opcinalegrad.hr\/wp-content\/uploads\/2022\/12\/logo.png\",\"contentUrl\":\"https:\/\/www.opcinalegrad.hr\/wp-content\/uploads\/2022\/12\/logo.png\",\"width\":560,\"height\":240,\"caption\":\"Op\u0107ina Legrad\"},\"image\":{\"@id\":\"https:\/\/www.opcinalegrad.hr\/#\/schema\/logo\/image\/\"},\"sameAs\":[\"https:\/\/hr-hr.facebook.com\/opcina.legrad\"]}]}<\/script>\n<!-- \/ Yoast SEO plugin. -->","yoast_head_json":{"title":"Turisti\u010dke informacije - Op\u0107ina Legrad","robots":{"index":"index","follow":"follow","max-snippet":"max-snippet:-1","max-image-preview":"max-image-preview:large","max-video-preview":"max-video-preview:-1"},"canonical":"https:\/\/www.opcinalegrad.hr\/en\/turisticke-informacije\/","og_locale":"en_US","og_type":"article","og_title":"Turisti\u010dke informacije - Op\u0107ina Legrad","og_description":"In 2017 the Tourist board for the region of \u201eCentral Podravina\u201c ...","og_url":"https:\/\/www.opcinalegrad.hr\/en\/turisticke-informacije\/","og_site_name":"Op\u0107ina Legrad","article_publisher":"https:\/\/hr-hr.facebook.com\/opcina.legrad","article_modified_time":"2023-02-23T06:56:22+00:00","twitter_card":"summary_large_image","twitter_misc":{"Est. reading time":"1 minute"},"schema":{"@context":"https:\/\/schema.org","@graph":[{"@type":"WebPage","@id":"https:\/\/www.opcinalegrad.hr\/en\/turisticke-informacije\/","url":"https:\/\/www.opcinalegrad.hr\/en\/turisticke-informacije\/","name":"Turisti\u010dke informacije - Op\u0107ina Legrad","isPartOf":{"@id":"https:\/\/www.opcinalegrad.hr\/#website"},"datePublished":"2023-01-17T11:27:15+00:00","dateModified":"2023-02-23T06:56:22+00:00","breadcrumb":{"@id":"https:\/\/www.opcinalegrad.hr\/en\/turisticke-informacije\/#breadcrumb"},"inLanguage":"en-US","potentialAction":[{"@type":"ReadAction","target":["https:\/\/www.opcinalegrad.hr\/en\/turisticke-informacije\/"]}]},{"@type":"BreadcrumbList","@id":"https:\/\/www.opcinalegrad.hr\/en\/turisticke-informacije\/#breadcrumb","itemListElement":[{"@type":"ListItem","position":1,"name":"Po\u010detna stranica","item":"https:\/\/www.opcinalegrad.hr\/"},{"@type":"ListItem","position":2,"name":"Turisti\u010dke informacije"}]},{"@type":"WebSite","@id":"https:\/\/www.opcinalegrad.hr\/#website","url":"https:\/\/www.opcinalegrad.hr\/","name":"Op\u0107ina Legrad","description":"Slu\u017ebena web stranica Op\u0107ine Legrad","publisher":{"@id":"https:\/\/www.opcinalegrad.hr\/#organization"},"potentialAction":[{"@type":"SearchAction","target":{"@type":"EntryPoint","urlTemplate":"https:\/\/www.opcinalegrad.hr\/?s={search_term_string}"},"query-input":"required name=search_term_string"}],"inLanguage":"en-US"},{"@type":"Organization","@id":"https:\/\/www.opcinalegrad.hr\/#organization","name":"Op\u0107ina Legrad","alternateName":"Op\u0107ina Legrad","url":"https:\/\/www.opcinalegrad.hr\/","logo":{"@type":"ImageObject","inLanguage":"en-US","@id":"https:\/\/www.opcinalegrad.hr\/#\/schema\/logo\/image\/","url":"https:\/\/www.opcinalegrad.hr\/wp-content\/uploads\/2022\/12\/logo.png","contentUrl":"https:\/\/www.opcinalegrad.hr\/wp-content\/uploads\/2022\/12\/logo.png","width":560,"height":240,"caption":"Op\u0107ina Legrad"},"image":{"@id":"https:\/\/www.opcinalegrad.hr\/#\/schema\/logo\/image\/"},"sameAs":["https:\/\/hr-hr.facebook.com\/opcina.legrad"]}]}},"_links":{"self":[{"href":"https:\/\/www.opcinalegrad.hr\/en\/wp-json\/wp\/v2\/pages\/39275"}],"collection":[{"href":"https:\/\/www.opcinalegrad.hr\/en\/wp-json\/wp\/v2\/pages"}],"about":[{"href":"https:\/\/www.opcinalegrad.hr\/en\/wp-json\/wp\/v2\/types\/page"}],"author":[{"embeddable":true,"href":"https:\/\/www.opcinalegrad.hr\/en\/wp-json\/wp\/v2\/users\/101016"}],"replies":[{"embeddable":true,"href":"https:\/\/www.opcinalegrad.hr\/en\/wp-json\/wp\/v2\/comments?post=39275"}],"version-history":[{"count":2,"href":"https:\/\/www.opcinalegrad.hr\/en\/wp-json\/wp\/v2\/pages\/39275\/revisions"}],"predecessor-version":[{"id":39277,"href":"https:\/\/www.opcinalegrad.hr\/en\/wp-json\/wp\/v2\/pages\/39275\/revisions\/39277"}],"wp:attachment":[{"href":"https:\/\/www.opcinalegrad.hr\/en\/wp-json\/wp\/v2\/media?parent=39275"}],"curies":[{"name":"wp","href":"https:\/\/api.w.org\/{rel}","templated":true}]}}